{"id":349,"date":"2023-04-27T11:50:35","date_gmt":"2023-04-27T14:50:35","guid":{"rendered":"https:\/\/adtechsd.com.br\/en\/?page_id=349"},"modified":"2025-04-14T13:20:28","modified_gmt":"2025-04-14T16:20:28","slug":"contact","status":"publish","type":"page","link":"https:\/\/adtechsd.com.br\/en\/contact\/","title":{"rendered":"Contact"},"content":{"rendered":"\t\t<div data-elementor-type=\"wp-page\" data-elementor-id=\"349\" class=\"elementor elementor-349\">\n\t\t\t\t\t\t<section class=\"elementor-section elementor-top-section elementor-element elementor-element-a06b5c4 elementor-section-height-min-height elementor-section-items-bottom elementor-section-content-middle elementor-section-boxed elementor-section-height-default wpr-particle-no wpr-jarallax-no wpr-parallax-no wpr-sticky-section-no\" data-id=\"a06b5c4\" data-element_type=\"section\" data-e-type=\"section\" data-settings=\"{&quot;background_background&quot;:&quot;classic&quot;}\">\n\t\t\t\t\t\t\t<div class=\"elementor-background-overlay\"><\/div>\n\t\t\t\t\t\t\t<div class=\"elementor-container elementor-column-gap-default\">\n\t\t\t\t\t<div class=\"elementor-column elementor-col-100 elementor-top-column elementor-element elementor-element-798781e\" data-id=\"798781e\" data-element_type=\"column\" data-e-type=\"column\">\n\t\t\t<div class=\"elementor-widget-wrap elementor-element-populated\">\n\t\t\t\t\t\t<div class=\"elementor-element elementor-element-6b680f6 elementor-widget elementor-widget-heading\" data-id=\"6b680f6\" data-element_type=\"widget\" data-e-type=\"widget\" data-widget_type=\"heading.default\">\n\t\t\t\t<div class=\"elementor-widget-container\">\n\t\t\t\t\t<h2 class=\"elementor-heading-title elementor-size-default\">Contact<\/h2>\t\t\t\t<\/div>\n\t\t\t\t<\/div>\n\t\t\t\t<div class=\"elementor-element elementor-element-6ca8f4f elementor-widget-divider--view-line elementor-widget elementor-widget-divider\" data-id=\"6ca8f4f\" data-element_type=\"widget\" data-e-type=\"widget\" data-widget_type=\"divider.default\">\n\t\t\t\t<div class=\"elementor-widget-container\">\n\t\t\t\t\t\t\t<div class=\"elementor-divider\">\n\t\t\t<span class=\"elementor-divider-separator\">\n\t\t\t\t\t\t<\/span>\n\t\t<\/div>\n\t\t\t\t\t\t<\/div>\n\t\t\t\t<\/div>\n\t\t\t\t\t<\/div>\n\t\t<\/div>\n\t\t\t\t\t<\/div>\n\t\t<\/section>\n\t\t\t\t<section class=\"elementor-section elementor-top-section elementor-element elementor-element-9ca28e9 elementor-section-boxed elementor-section-height-default elementor-section-height-default wpr-particle-no wpr-jarallax-no wpr-parallax-no wpr-sticky-section-no\" data-id=\"9ca28e9\" data-element_type=\"section\" data-e-type=\"section\">\n\t\t\t\t\t\t<div class=\"elementor-container elementor-column-gap-default\">\n\t\t\t\t\t<div class=\"elementor-column elementor-col-50 elementor-top-column elementor-element elementor-element-a2055b0\" data-id=\"a2055b0\" data-element_type=\"column\" data-e-type=\"column\">\n\t\t\t<div class=\"elementor-widget-wrap elementor-element-populated\">\n\t\t\t\t\t\t<div class=\"elementor-element elementor-element-c5338ff elementor-widget elementor-widget-heading\" data-id=\"c5338ff\" data-element_type=\"widget\" data-e-type=\"widget\" data-widget_type=\"heading.default\">\n\t\t\t\t<div class=\"elementor-widget-container\">\n\t\t\t\t\t<h2 class=\"elementor-heading-title elementor-size-default\">We are ready to answer You<\/h2>\t\t\t\t<\/div>\n\t\t\t\t<\/div>\n\t\t\t\t<div class=\"elementor-element elementor-element-f9b4733 elementor-widget-divider--view-line elementor-widget elementor-widget-divider\" data-id=\"f9b4733\" data-element_type=\"widget\" data-e-type=\"widget\" data-widget_type=\"divider.default\">\n\t\t\t\t<div class=\"elementor-widget-container\">\n\t\t\t\t\t\t\t<div class=\"elementor-divider\">\n\t\t\t<span class=\"elementor-divider-separator\">\n\t\t\t\t\t\t<\/span>\n\t\t<\/div>\n\t\t\t\t\t\t<\/div>\n\t\t\t\t<\/div>\n\t\t\t\t<div class=\"elementor-element elementor-element-1dcc904 elementor-icon-list--layout-traditional elementor-list-item-link-full_width elementor-widget elementor-widget-icon-list\" data-id=\"1dcc904\" data-element_type=\"widget\" data-e-type=\"widget\" data-widget_type=\"icon-list.default\">\n\t\t\t\t<div class=\"elementor-widget-container\">\n\t\t\t\t\t\t\t<ul class=\"elementor-icon-list-items\">\n\t\t\t\t\t\t\t<li class=\"elementor-icon-list-item\">\n\t\t\t\t\t\t\t\t\t\t\t<span class=\"elementor-icon-list-icon\">\n\t\t\t\t\t\t\t<i aria-hidden=\"true\" class=\"fas fa-address-book\"><\/i>\t\t\t\t\t\t<\/span>\n\t\t\t\t\t\t\t\t\t\t<span class=\"elementor-icon-list-text\">Address and Contact<\/span>\n\t\t\t\t\t\t\t\t\t<\/li>\n\t\t\t\t\t\t<\/ul>\n\t\t\t\t\t\t<\/div>\n\t\t\t\t<\/div>\n\t\t\t\t<div class=\"elementor-element elementor-element-9a6bf4f elementor-widget elementor-widget-text-editor\" data-id=\"9a6bf4f\" data-element_type=\"widget\" data-e-type=\"widget\" data-widget_type=\"text-editor.default\">\n\t\t\t\t<div class=\"elementor-widget-container\">\n\t\t\t\t\t\t\t\t\t<p><b>Address:&nbsp;<\/b>Pra\u00e7a Cariri, 313 &#8211;&nbsp; Ch\u00e1caras Reunidas | S\u00e3o Jos\u00e9 dos Campos\/SP<br><strong>Post Code:<\/strong> 12238-300<\/p>\n<p><span class=\"elementor-icon-list-text\"><strong>Number: <\/strong><\/span><span class=\"elementor-icon-list-text\"><a href=\"tel:+551235121484\">+55 12 3512-1484<\/a><\/span><\/p><p><b>Whatsapp: <\/b><a href=\"https:\/\/wa.me\/5512991983704\">+55 12 99198-3704<b>&nbsp;<\/b><\/a><\/p>\n<p><strong>E-mail :<\/strong> contato@adtechsd.com.br<\/p>\t\t\t\t\t\t\t\t<\/div>\n\t\t\t\t<\/div>\n\t\t\t\t<div class=\"elementor-element elementor-element-bc43dc7 elementor-icon-list--layout-traditional elementor-list-item-link-full_width elementor-widget elementor-widget-icon-list\" data-id=\"bc43dc7\" data-element_type=\"widget\" data-e-type=\"widget\" data-widget_type=\"icon-list.default\">\n\t\t\t\t<div class=\"elementor-widget-container\">\n\t\t\t\t\t\t\t<ul class=\"elementor-icon-list-items\">\n\t\t\t\t\t\t\t<li class=\"elementor-icon-list-item\">\n\t\t\t\t\t\t\t\t\t\t\t<span class=\"elementor-icon-list-icon\">\n\t\t\t\t\t\t\t<i aria-hidden=\"true\" class=\"fas fa-clock\"><\/i>\t\t\t\t\t\t<\/span>\n\t\t\t\t\t\t\t\t\t\t<span class=\"elementor-icon-list-text\">Opening hours<\/span>\n\t\t\t\t\t\t\t\t\t<\/li>\n\t\t\t\t\t\t<\/ul>\n\t\t\t\t\t\t<\/div>\n\t\t\t\t<\/div>\n\t\t\t\t<div class=\"elementor-element elementor-element-6718f28 elementor-widget elementor-widget-text-editor\" data-id=\"6718f28\" data-element_type=\"widget\" data-e-type=\"widget\" data-widget_type=\"text-editor.default\">\n\t\t\t\t<div class=\"elementor-widget-container\">\n\t\t\t\t\t\t\t\t\t<p><span class=\"elementor-icon-list-text\">Monday\u00a0 &#8211; Thursday: 09:00 AM \u2013 5:00 PM<\/span><\/p><p><span class=\"elementor-icon-list-text\">Friday: 09:00 AM \u2013 4:00 PM<\/span><\/p><p><span class=\"elementor-icon-list-text\">Saturday and Sunday: Closed<\/span><\/p><p><span class=\"elementor-icon-list-text\">GMT -03:00<\/span><\/p>\t\t\t\t\t\t\t\t<\/div>\n\t\t\t\t<\/div>\n\t\t\t\t<div class=\"elementor-element elementor-element-6d1c3f6 elementor-icon-list--layout-traditional elementor-list-item-link-full_width elementor-widget elementor-widget-icon-list\" data-id=\"6d1c3f6\" data-element_type=\"widget\" data-e-type=\"widget\" data-widget_type=\"icon-list.default\">\n\t\t\t\t<div class=\"elementor-widget-container\">\n\t\t\t\t\t\t\t<ul class=\"elementor-icon-list-items\">\n\t\t\t\t\t\t\t<li class=\"elementor-icon-list-item\">\n\t\t\t\t\t\t\t\t\t\t\t<span class=\"elementor-icon-list-icon\">\n\t\t\t\t\t\t\t<i aria-hidden=\"true\" class=\"fas fa-hands-helping\"><\/i>\t\t\t\t\t\t<\/span>\n\t\t\t\t\t\t\t\t\t\t<span class=\"elementor-icon-list-text\">Follow Us<\/span>\n\t\t\t\t\t\t\t\t\t<\/li>\n\t\t\t\t\t\t<\/ul>\n\t\t\t\t\t\t<\/div>\n\t\t\t\t<\/div>\n\t\t\t\t<div class=\"elementor-element elementor-element-f14887f e-grid-align-left elementor-shape-rounded elementor-grid-0 elementor-widget elementor-widget-social-icons\" data-id=\"f14887f\" data-element_type=\"widget\" data-e-type=\"widget\" data-widget_type=\"social-icons.default\">\n\t\t\t\t<div class=\"elementor-widget-container\">\n\t\t\t\t\t\t\t<div class=\"elementor-social-icons-wrapper elementor-grid\" role=\"list\">\n\t\t\t\t\t\t\t<span class=\"elementor-grid-item\" role=\"listitem\">\n\t\t\t\t\t<a class=\"elementor-icon elementor-social-icon elementor-social-icon-facebook-f elementor-animation-grow elementor-repeater-item-abcf327\" target=\"_blank\">\n\t\t\t\t\t\t<span class=\"elementor-screen-only\">Facebook-f<\/span>\n\t\t\t\t\t\t<i aria-hidden=\"true\" class=\"fab fa-facebook-f\"><\/i>\t\t\t\t\t<\/a>\n\t\t\t\t<\/span>\n\t\t\t\t\t\t\t<span class=\"elementor-grid-item\" role=\"listitem\">\n\t\t\t\t\t<a class=\"elementor-icon elementor-social-icon elementor-social-icon-linkedin-in elementor-animation-grow elementor-repeater-item-b38beee\" target=\"_blank\">\n\t\t\t\t\t\t<span class=\"elementor-screen-only\">Linkedin-in<\/span>\n\t\t\t\t\t\t<i aria-hidden=\"true\" class=\"fab fa-linkedin-in\"><\/i>\t\t\t\t\t<\/a>\n\t\t\t\t<\/span>\n\t\t\t\t\t\t\t<span class=\"elementor-grid-item\" role=\"listitem\">\n\t\t\t\t\t<a class=\"elementor-icon elementor-social-icon elementor-social-icon-instagram elementor-animation-grow elementor-repeater-item-15bdea4\" target=\"_blank\">\n\t\t\t\t\t\t<span class=\"elementor-screen-only\">Instagram<\/span>\n\t\t\t\t\t\t<i aria-hidden=\"true\" class=\"fab fa-instagram\"><\/i>\t\t\t\t\t<\/a>\n\t\t\t\t<\/span>\n\t\t\t\t\t<\/div>\n\t\t\t\t\t\t<\/div>\n\t\t\t\t<\/div>\n\t\t\t\t\t<\/div>\n\t\t<\/div>\n\t\t\t\t<div class=\"elementor-column elementor-col-50 elementor-top-column elementor-element elementor-element-b4c8365\" data-id=\"b4c8365\" data-element_type=\"column\" data-e-type=\"column\">\n\t\t\t<div class=\"elementor-widget-wrap elementor-element-populated\">\n\t\t\t\t\t\t<div class=\"elementor-element elementor-element-308188e wpr-forms-submit-justify wpr-forms-align-left elementor-widget elementor-widget-wpr-forms\" data-id=\"308188e\" data-element_type=\"widget\" data-e-type=\"widget\" data-widget_type=\"wpr-forms.default\">\n\t\t\t\t<div class=\"elementor-widget-container\">\n\t\t\t\t\t<div class=\"wpr-forms-container wpr-custom-chk-radio\">\n<div class=\"wpcf7 no-js\" id=\"wpcf7-f371-o1\" lang=\"pt-BR\" dir=\"ltr\">\n<div class=\"screen-reader-response\"><p role=\"status\" aria-live=\"polite\" aria-atomic=\"true\"><\/p> <ul><\/ul><\/div>\n<form action=\"\/en\/wp-json\/wp\/v2\/pages\/349#wpcf7-f371-o1\" method=\"post\" class=\"wpcf7-form init\" aria-label=\"Formul\u00e1rios de contato\" novalidate=\"novalidate\" data-status=\"init\">\n<div style=\"display: none;\">\n<input type=\"hidden\" name=\"_wpcf7\" value=\"371\" \/>\n<input type=\"hidden\" name=\"_wpcf7_version\" value=\"5.8\" \/>\n<input type=\"hidden\" name=\"_wpcf7_locale\" value=\"pt_BR\" \/>\n<input type=\"hidden\" name=\"_wpcf7_unit_tag\" value=\"wpcf7-f371-o1\" \/>\n<input type=\"hidden\" name=\"_wpcf7_container_post\" value=\"0\" \/>\n<input type=\"hidden\" name=\"_wpcf7_posted_data_hash\" value=\"\" \/>\n<\/div>\n<p><label> Your Name<br \/>\n<span class=\"wpcf7-form-control-wrap\" data-name=\"your-name\"><input size=\"40\" class=\"wpcf7-form-control wpcf7-text wpcf7-validates-as-required\" autocomplete=\"name\" aria-required=\"true\" aria-invalid=\"false\" value=\"\" type=\"text\" name=\"your-name\" \/><\/span> <\/label>\n<\/p>\n<p><label> Your e-mail<br \/>\n<span class=\"wpcf7-form-control-wrap\" data-name=\"your-email\"><input size=\"40\" class=\"wpcf7-form-control wpcf7-email wpcf7-validates-as-required wpcf7-text wpcf7-validates-as-email\" autocomplete=\"email\" aria-required=\"true\" aria-invalid=\"false\" value=\"\" type=\"email\" name=\"your-email\" \/><\/span> <\/label>\n<\/p>\n<p><label> Subject<br \/>\n<span class=\"wpcf7-form-control-wrap\" data-name=\"your-subject\"><input size=\"40\" class=\"wpcf7-form-control wpcf7-text wpcf7-validates-as-required\" aria-required=\"true\" aria-invalid=\"false\" value=\"\" type=\"text\" name=\"your-subject\" \/><\/span> <\/label>\n<\/p>\n<p><label> Your Message<br \/>\n<span class=\"wpcf7-form-control-wrap\" data-name=\"your-message\"><textarea cols=\"40\" rows=\"10\" class=\"wpcf7-form-control wpcf7-textarea wpcf7-validates-as-required\" aria-required=\"true\" aria-invalid=\"false\" name=\"your-message\"><\/textarea><\/span> <\/label>\n<\/p>\n<p><input class=\"wpcf7-form-control wpcf7-submit has-spinner\" type=\"submit\" value=\"Send\" \/>\n<\/p><div class=\"wpcf7-response-output\" aria-hidden=\"true\"><\/div>\n<\/form>\n<\/div>\n<\/div>\t\t\t\t<\/div>\n\t\t\t\t<\/div>\n\t\t\t\t\t<\/div>\n\t\t<\/div>\n\t\t\t\t\t<\/div>\n\t\t<\/section>\n\t\t\t\t<\/div>\n\t\t","protected":false},"excerpt":{"rendered":"<p>Contact We are ready to answer You Address and Contact Address:&nbsp;Pra\u00e7a Cariri, 313 &#8211;&nbsp; Ch\u00e1caras Reunidas | S\u00e3o Jos\u00e9 dos Campos\/SPPost Code: 12238-300 Number: +55 12 3512-1484 Whatsapp: +55 12 99198-3704&nbsp; E-mail : contato@adtechsd.com.br Opening hours Monday\u00a0 &#8211; Thursday: 09:00 AM \u2013 5:00 PM Friday: 09:00 AM \u2013 4:00 PM Saturday and Sunday: Closed GMT -03:00 Follow Us Facebook-f Linkedin-in Instagram Your Name Your e-mail Subject Your Message<\/p>\n","protected":false},"author":1,"featured_media":0,"parent":0,"menu_order":0,"comment_status":"closed","ping_status":"closed","template":"elementor_canvas","meta":{"footnotes":""},"class_list":["post-349","page","type-page","status-publish","hentry"],"yoast_head":"<!-- This site is optimized with the Yoast SEO plugin v20.13 - https:\/\/yoast.com\/wordpress\/plugins\/seo\/ -->\n<title>Contact - Advanced Technologies Security &amp; Defense<\/title>\n<meta name=\"robots\" content=\"index, follow, max-snippet:-1, max-image-preview:large, max-video-preview:-1\" \/>\n<link rel=\"canonical\" href=\"https:\/\/adtechsd.com.br\/en\/contact\/\" \/>\n<meta property=\"og:locale\" content=\"pt_BR\" \/>\n<meta property=\"og:type\" content=\"article\" \/>\n<meta property=\"og:title\" content=\"Contact - Advanced Technologies Security &amp; Defense\" \/>\n<meta property=\"og:description\" content=\"Contact We are ready to answer You Address and Contact Address:&nbsp;Pra\u00e7a Cariri, 313 &#8211;&nbsp; Ch\u00e1caras Reunidas | S\u00e3o Jos\u00e9 dos Campos\/SPPost Code: 12238-300 Number: +55 12 3512-1484 Whatsapp: +55 12 99198-3704&nbsp; E-mail : contato@adtechsd.com.br Opening hours Monday\u00a0 &#8211; Thursday: 09:00 AM \u2013 5:00 PM Friday: 09:00 AM \u2013 4:00 PM Saturday and Sunday: Closed GMT -03:00 Follow Us Facebook-f Linkedin-in Instagram Your Name Your e-mail Subject Your Message\" \/>\n<meta property=\"og:url\" content=\"https:\/\/adtechsd.com.br\/en\/contact\/\" \/>\n<meta property=\"og:site_name\" content=\"Advanced Technologies Security &amp; Defense\" \/>\n<meta property=\"article:publisher\" content=\"https:\/\/www.facebook.com\/adtechsd\/\" \/>\n<meta property=\"article:modified_time\" content=\"2025-04-14T16:20:28+00:00\" \/>\n<meta name=\"twitter:card\" content=\"summary_large_image\" \/>\n<meta name=\"twitter:label1\" content=\"Est. tempo de leitura\" \/>\n\t<meta name=\"twitter:data1\" content=\"1 minuto\" \/>\n<script type=\"application\/ld+json\" class=\"yoast-schema-graph\">{\"@context\":\"https:\/\/schema.org\",\"@graph\":[{\"@type\":\"WebPage\",\"@id\":\"https:\/\/adtechsd.com.br\/en\/contact\/\",\"url\":\"https:\/\/adtechsd.com.br\/en\/contact\/\",\"name\":\"Contact - Advanced Technologies Security &amp; Defense\",\"isPartOf\":{\"@id\":\"https:\/\/adtechsd.com.br\/en\/#website\"},\"datePublished\":\"2023-04-27T14:50:35+00:00\",\"dateModified\":\"2025-04-14T16:20:28+00:00\",\"breadcrumb\":{\"@id\":\"https:\/\/adtechsd.com.br\/en\/contact\/#breadcrumb\"},\"inLanguage\":\"pt-BR\",\"potentialAction\":[{\"@type\":\"ReadAction\",\"target\":[\"https:\/\/adtechsd.com.br\/en\/contact\/\"]}]},{\"@type\":\"BreadcrumbList\",\"@id\":\"https:\/\/adtechsd.com.br\/en\/contact\/#breadcrumb\",\"itemListElement\":[{\"@type\":\"ListItem\",\"position\":1,\"name\":\"In\u00edcio\",\"item\":\"https:\/\/adtechsd.com.br\/en\/\"},{\"@type\":\"ListItem\",\"position\":2,\"name\":\"Contact\"}]},{\"@type\":\"WebSite\",\"@id\":\"https:\/\/adtechsd.com.br\/en\/#website\",\"url\":\"https:\/\/adtechsd.com.br\/en\/\",\"name\":\"Advanced Technologies Security &amp; Defense\",\"description\":\"Brazilian startup manufacturer of high-performance drones for monitoring solutions.\",\"publisher\":{\"@id\":\"https:\/\/adtechsd.com.br\/en\/#organization\"},\"potentialAction\":[{\"@type\":\"SearchAction\",\"target\":{\"@type\":\"EntryPoint\",\"urlTemplate\":\"https:\/\/adtechsd.com.br\/en\/?s={search_term_string}\"},\"query-input\":\"required name=search_term_string\"}],\"inLanguage\":\"pt-BR\"},{\"@type\":\"Organization\",\"@id\":\"https:\/\/adtechsd.com.br\/en\/#organization\",\"name\":\"Advanced Technologies Security &amp; Defense\",\"url\":\"https:\/\/adtechsd.com.br\/en\/\",\"logo\":{\"@type\":\"ImageObject\",\"inLanguage\":\"pt-BR\",\"@id\":\"https:\/\/adtechsd.com.br\/en\/#\/schema\/logo\/image\/\",\"url\":\"https:\/\/adtechsd.com.br\/en\/wp-content\/uploads\/sites\/5\/2023\/04\/Logo-ADTECH-para-o-site1.png\",\"contentUrl\":\"https:\/\/adtechsd.com.br\/en\/wp-content\/uploads\/sites\/5\/2023\/04\/Logo-ADTECH-para-o-site1.png\",\"width\":4973,\"height\":1761,\"caption\":\"Advanced Technologies Security &amp; Defense\"},\"image\":{\"@id\":\"https:\/\/adtechsd.com.br\/en\/#\/schema\/logo\/image\/\"},\"sameAs\":[\"https:\/\/www.facebook.com\/adtechsd\/\"]}]}<\/script>\n<!-- \/ Yoast SEO plugin. -->","yoast_head_json":{"title":"Contact - Advanced Technologies Security &amp; Defense","robots":{"index":"index","follow":"follow","max-snippet":"max-snippet:-1","max-image-preview":"max-image-preview:large","max-video-preview":"max-video-preview:-1"},"canonical":"https:\/\/adtechsd.com.br\/en\/contact\/","og_locale":"pt_BR","og_type":"article","og_title":"Contact - Advanced Technologies Security &amp; Defense","og_description":"Contact We are ready to answer You Address and Contact Address:&nbsp;Pra\u00e7a Cariri, 313 &#8211;&nbsp; Ch\u00e1caras Reunidas | S\u00e3o Jos\u00e9 dos Campos\/SPPost Code: 12238-300 Number: +55 12 3512-1484 Whatsapp: +55 12 99198-3704&nbsp; E-mail : contato@adtechsd.com.br Opening hours Monday\u00a0 &#8211; Thursday: 09:00 AM \u2013 5:00 PM Friday: 09:00 AM \u2013 4:00 PM Saturday and Sunday: Closed GMT -03:00 Follow Us Facebook-f Linkedin-in Instagram Your Name Your e-mail Subject Your Message","og_url":"https:\/\/adtechsd.com.br\/en\/contact\/","og_site_name":"Advanced Technologies Security &amp; Defense","article_publisher":"https:\/\/www.facebook.com\/adtechsd\/","article_modified_time":"2025-04-14T16:20:28+00:00","twitter_card":"summary_large_image","twitter_misc":{"Est. tempo de leitura":"1 minuto"},"schema":{"@context":"https:\/\/schema.org","@graph":[{"@type":"WebPage","@id":"https:\/\/adtechsd.com.br\/en\/contact\/","url":"https:\/\/adtechsd.com.br\/en\/contact\/","name":"Contact - Advanced Technologies Security &amp; Defense","isPartOf":{"@id":"https:\/\/adtechsd.com.br\/en\/#website"},"datePublished":"2023-04-27T14:50:35+00:00","dateModified":"2025-04-14T16:20:28+00:00","breadcrumb":{"@id":"https:\/\/adtechsd.com.br\/en\/contact\/#breadcrumb"},"inLanguage":"pt-BR","potentialAction":[{"@type":"ReadAction","target":["https:\/\/adtechsd.com.br\/en\/contact\/"]}]},{"@type":"BreadcrumbList","@id":"https:\/\/adtechsd.com.br\/en\/contact\/#breadcrumb","itemListElement":[{"@type":"ListItem","position":1,"name":"In\u00edcio","item":"https:\/\/adtechsd.com.br\/en\/"},{"@type":"ListItem","position":2,"name":"Contact"}]},{"@type":"WebSite","@id":"https:\/\/adtechsd.com.br\/en\/#website","url":"https:\/\/adtechsd.com.br\/en\/","name":"Advanced Technologies Security &amp; Defense","description":"Brazilian startup manufacturer of high-performance drones for monitoring solutions.","publisher":{"@id":"https:\/\/adtechsd.com.br\/en\/#organization"},"potentialAction":[{"@type":"SearchAction","target":{"@type":"EntryPoint","urlTemplate":"https:\/\/adtechsd.com.br\/en\/?s={search_term_string}"},"query-input":"required name=search_term_string"}],"inLanguage":"pt-BR"},{"@type":"Organization","@id":"https:\/\/adtechsd.com.br\/en\/#organization","name":"Advanced Technologies Security &amp; Defense","url":"https:\/\/adtechsd.com.br\/en\/","logo":{"@type":"ImageObject","inLanguage":"pt-BR","@id":"https:\/\/adtechsd.com.br\/en\/#\/schema\/logo\/image\/","url":"https:\/\/adtechsd.com.br\/en\/wp-content\/uploads\/sites\/5\/2023\/04\/Logo-ADTECH-para-o-site1.png","contentUrl":"https:\/\/adtechsd.com.br\/en\/wp-content\/uploads\/sites\/5\/2023\/04\/Logo-ADTECH-para-o-site1.png","width":4973,"height":1761,"caption":"Advanced Technologies Security &amp; Defense"},"image":{"@id":"https:\/\/adtechsd.com.br\/en\/#\/schema\/logo\/image\/"},"sameAs":["https:\/\/www.facebook.com\/adtechsd\/"]}]}},"_links":{"self":[{"href":"https:\/\/adtechsd.com.br\/en\/wp-json\/wp\/v2\/pages\/349","targetHints":{"allow":["GET"]}}],"collection":[{"href":"https:\/\/adtechsd.com.br\/en\/wp-json\/wp\/v2\/pages"}],"about":[{"href":"https:\/\/adtechsd.com.br\/en\/wp-json\/wp\/v2\/types\/page"}],"author":[{"embeddable":true,"href":"https:\/\/adtechsd.com.br\/en\/wp-json\/wp\/v2\/users\/1"}],"replies":[{"embeddable":true,"href":"https:\/\/adtechsd.com.br\/en\/wp-json\/wp\/v2\/comments?post=349"}],"version-history":[{"count":20,"href":"https:\/\/adtechsd.com.br\/en\/wp-json\/wp\/v2\/pages\/349\/revisions"}],"predecessor-version":[{"id":1059,"href":"https:\/\/adtechsd.com.br\/en\/wp-json\/wp\/v2\/pages\/349\/revisions\/1059"}],"wp:attachment":[{"href":"https:\/\/adtechsd.com.br\/en\/wp-json\/wp\/v2\/media?parent=349"}],"curies":[{"name":"wp","href":"https:\/\/api.w.org\/{rel}","templated":true}]}}